{"id":13,"date":"2024-07-01T18:55:00","date_gmt":"2024-07-01T18:55:00","guid":{"rendered":"https:\/\/uus.veemehed.ee\/?page_id=13"},"modified":"2024-07-01T18:55:01","modified_gmt":"2024-07-01T18:55:01","slug":"firmast","status":"publish","type":"page","link":"https:\/\/uus.veemehed.ee\/index.php\/firmast\/","title":{"rendered":"Firmast"},"content":{"rendered":"\n<p>Osa\u00fching Veemehed on erakapitalil asutatud firma. Oleme tegutsenud juba aastast 1997. Toodame klaasplastist veepuhastustarvikuid, mille hea kvaliteet on garanteeritud t\u00e4nu oma-ala spetsialistide ja toormaterjali headele omadustele. Meie tooted on vastavuses Eesti Vabariigi kvaliteedin\u00f5uetega ning Eesti Keskkonnaministeeriumi m\u00e4\u00e4rustega. Tooted on keemiliselt vastupidavad, ilmastiku- ja temperatuurikindlad, suure mehaanilise tugevusega ja valmistatud kvalifitseeritud t\u00f6\u00f6tajate poolt. Kui teil on tegemist eramaja , v\u00e4iksema kortermaja, v\u00f5i saunaga ja teil puudub tsentraal kanalisatsioon \u2013 on lihtsaim viis reovee k\u00e4itlemiseks septik v\u00f5i biopuhasti. Veel leiate meie tootevalikust mahutid, p\u00fc\u00fcdurid, pumplad ja palju muud.<\/p>\n\n\n\n<p>Lisaks on Veemehed O\u00dc ametlik Kiili paate tootev ettev\u00f5te. Kiili paadid on rahvast r\u00f5\u00f5mustanud oma heade omadustega juba \u00fcle 20 aasta ja teevad seda endiselt! <em>TEE T\u00d6\u00d6D, P\u00dc\u00dcA KALA V\u00d5I LASE NIISAMA!<\/em><\/p>\n\n\n\n<p>Tegeleme ka eritellimust\u00f6\u00f6dega, k\u00f5ik mida klaaskiudriidega teha annab \u2013 oleme v\u00f5imelised \u00e4ra korraldama. Kui soovite t\u00e4psemat infot Meie v\u00f5i meie toodete kohta siis palun k\u00fcsige julgelt! <a href=\"http:\/\/www.veemehed.ee\/hinnaparing\/\">K\u00fcsi hinda<\/a> v\u00f5i helista 50 366 23<\/p>\n\n\n\n<p>Meeldivat koost\u00f6\u00f6d soovib O\u00dc Veemehed!<\/p>\n","protected":false},"excerpt":{"rendered":"<p>Osa\u00fching Veemehed on erakapitalil asutatud firma. Oleme tegutsenud juba aastast 1997. Toodame klaasplastist veepuhastustarvikuid, mille hea kvaliteet on garanteeritud t\u00e4nu oma-ala spetsialistide ja toormaterjali headele omadustele. Meie tooted on vastavuses Eesti Vabariigi kvaliteedin\u00f5uetega ning Eesti Keskkonnaministeeriumi m\u00e4\u00e4rustega. Tooted on keemiliselt vastupidavad, ilmastiku- ja temperatuurikindlad, suure mehaanilise tugevusega ja valmistatud kvalifitseeritud t\u00f6\u00f6tajate poolt. Kui teil on [&hellip;]<\/p>\n","protected":false},"author":1,"featured_media":0,"parent":0,"menu_order":0,"comment_status":"closed","ping_status":"closed","template":"","meta":{"footnotes":""},"class_list":["post-13","page","type-page","status-publish","hentry"],"_links":{"self":[{"href":"https:\/\/uus.veemehed.ee\/index.php\/wp-json\/wp\/v2\/pages\/13","targetHints":{"allow":["GET"]}}],"collection":[{"href":"https:\/\/uus.veemehed.ee\/index.php\/wp-json\/wp\/v2\/pages"}],"about":[{"href":"https:\/\/uus.veemehed.ee\/index.php\/wp-json\/wp\/v2\/types\/page"}],"author":[{"embeddable":true,"href":"https:\/\/uus.veemehed.ee\/index.php\/wp-json\/wp\/v2\/users\/1"}],"replies":[{"embeddable":true,"href":"https:\/\/uus.veemehed.ee\/index.php\/wp-json\/wp\/v2\/comments?post=13"}],"version-history":[{"count":1,"href":"https:\/\/uus.veemehed.ee\/index.php\/wp-json\/wp\/v2\/pages\/13\/revisions"}],"predecessor-version":[{"id":14,"href":"https:\/\/uus.veemehed.ee\/index.php\/wp-json\/wp\/v2\/pages\/13\/revisions\/14"}],"wp:attachment":[{"href":"https:\/\/uus.veemehed.ee\/index.php\/wp-json\/wp\/v2\/media?parent=13"}],"curies":[{"name":"wp","href":"https:\/\/api.w.org\/{rel}","templated":true}]}}